{"id":1065,"date":"2024-12-30T09:41:42","date_gmt":"2024-12-30T09:41:42","guid":{"rendered":"https:\/\/rgst-arquitecto.com\/?page_id=1065"},"modified":"2026-02-02T08:39:09","modified_gmt":"2026-02-02T08:39:09","slug":"servicios","status":"publish","type":"page","link":"https:\/\/rgst-arquitecto.com\/en\/servicios","title":{"rendered":"SERVICES"},"content":{"rendered":"<div data-elementor-type=\"wp-page\" data-elementor-id=\"1065\" class=\"elementor elementor-1065\" data-elementor-post-type=\"page\">\n\t\t\t\t<div class=\"elementor-element elementor-element-3e3ca85 e-con-full wd-section-stretch e-flex e-con e-parent\" data-id=\"3e3ca85\" data-element_type=\"container\" data-e-type=\"container\">\n\t\t\t\t<div class=\"elementor-element elementor-element-08a506b elementor--h-position-center elementor--v-position-middle elementor-arrows-position-inside elementor-pagination-position-inside elementor-widget elementor-widget-slides\" data-id=\"08a506b\" data-element_type=\"widget\" data-e-type=\"widget\" data-settings=\"{&quot;navigation&quot;:&quot;both&quot;,&quot;autoplay&quot;:&quot;yes&quot;,&quot;pause_on_hover&quot;:&quot;yes&quot;,&quot;pause_on_interaction&quot;:&quot;yes&quot;,&quot;autoplay_speed&quot;:5000,&quot;infinite&quot;:&quot;yes&quot;,&quot;transition&quot;:&quot;slide&quot;,&quot;transition_speed&quot;:500}\" data-widget_type=\"slides.default\">\n\t\t\t\t<div class=\"elementor-widget-container\">\n\t\t\t\t\t\t\t\t\t<div class=\"elementor-swiper\">\n\t\t\t\t\t<div class=\"elementor-slides-wrapper elementor-main-swiper swiper\" role=\"region\" aria-roledescription=\"carousel\" aria-label=\"Slides\" dir=\"ltr\" data-animation=\"fadeInUp\">\n\t\t\t\t<div class=\"swiper-wrapper elementor-slides\">\n\t\t\t\t\t\t\t\t\t\t<div class=\"elementor-repeater-item-cd5ff59 swiper-slide\" role=\"group\" aria-roledescription=\"slide\"><div class=\"swiper-slide-bg\" role=\"img\" aria-label=\"RGST ARQUITECTO\"><\/div><div class=\"elementor-background-overlay\"><\/div><a class=\"swiper-slide-inner\" href=\"\/en\/contacto\/\"><div class=\"swiper-slide-contents\"><div class=\"elementor-slide-heading\">SERVICES<\/div><\/div><\/a><\/div>\t\t\t\t<\/div>\n\t\t\t\t\t\t\t<\/div>\n\t\t\t\t<\/div>\n\t\t\t\t\t\t\t\t<\/div>\n\t\t\t\t<\/div>\n\t\t\t\t<\/div>\n\t\t<div class=\"wd-negative-gap elementor-element elementor-element-30767c2 e-flex e-con-boxed e-con e-parent\" data-id=\"30767c2\" data-element_type=\"container\" data-e-type=\"container\">\n\t\t\t\t\t<div class=\"e-con-inner\">\n\t\t\t\t<div class=\"elementor-element elementor-element-f92ca46 elementor-invisible elementor-widget elementor-widget-heading\" data-id=\"f92ca46\" data-element_type=\"widget\" data-e-type=\"widget\" data-settings=\"{&quot;_animation&quot;:&quot;fadeInUp&quot;}\" data-widget_type=\"heading.default\">\n\t\t\t\t<div class=\"elementor-widget-container\">\n\t\t\t\t\t<h1 class=\"elementor-heading-title elementor-size-default\">SERVICES<\/h1>\t\t\t\t<\/div>\n\t\t\t\t<\/div>\n\t\t\t\t<div class=\"elementor-element elementor-element-2c6a34f elementor-widget-divider--view-line elementor-invisible elementor-widget elementor-widget-divider\" data-id=\"2c6a34f\" data-element_type=\"widget\" data-e-type=\"widget\" data-settings=\"{&quot;_animation&quot;:&quot;fadeInUp&quot;}\" data-widget_type=\"divider.default\">\n\t\t\t\t<div class=\"elementor-widget-container\">\n\t\t\t\t\t\t\t<div class=\"elementor-divider\">\n\t\t\t<span class=\"elementor-divider-separator\">\n\t\t\t\t\t\t<\/span>\n\t\t<\/div>\n\t\t\t\t\t\t<\/div>\n\t\t\t\t<\/div>\n\t\t\t\t\t<\/div>\n\t\t\t\t<\/div>\n\t\t<div class=\"elementor-element elementor-element-705b48f e-con-full wd-section-stretch e-flex e-con e-parent\" data-id=\"705b48f\" data-element_type=\"container\" data-e-type=\"container\">\n\t\t<div class=\"wd-negative-gap elementor-element elementor-element-fd0dacc e-flex e-con-boxed e-con e-child\" data-id=\"fd0dacc\" data-element_type=\"container\" data-e-type=\"container\">\n\t\t\t\t\t<div class=\"e-con-inner\">\n\t\t<div class=\"elementor-element elementor-element-3b81776 e-con-full e-flex e-con e-child\" data-id=\"3b81776\" data-element_type=\"container\" data-e-type=\"container\">\n\t\t\t\t<div class=\"elementor-element elementor-element-b41566e elementor-cta--layout-image-above elementor-cta--skin-classic elementor-animated-content elementor-bg-transform elementor-bg-transform-zoom-in elementor-widget elementor-widget-call-to-action\" data-id=\"b41566e\" data-element_type=\"widget\" data-e-type=\"widget\" data-widget_type=\"call-to-action.default\">\n\t\t\t\t<div class=\"elementor-widget-container\">\n\t\t\t\t\t\t\t<div class=\"elementor-cta\">\n\t\t\t\t\t<div class=\"elementor-cta__bg-wrapper\">\n\t\t\t\t<div class=\"elementor-cta__bg elementor-bg\" style=\"background-image: url(https:\/\/rgst-arquitecto.com\/wp-content\/uploads\/2024\/12\/Viviendas-unifamiliares-adosadas-Torrejon-de-Ardoz-11-1024x768.jpg);\" role=\"img\" aria-label=\"Viviendas unifamiliares adosadas - Torrej\u00f3n de Ardoz\"><\/div>\n\t\t\t\t<div class=\"elementor-cta__bg-overlay\"><\/div>\n\t\t\t<\/div>\n\t\t\t\t\t\t\t<div class=\"elementor-cta__content\">\n\t\t\t\t\n\t\t\t\t\t\t\t\t\t<div class=\"elementor-cta__title elementor-cta__content-item elementor-content-item\">\n\t\t\t\t\t\tBuilding projects\t\t\t\t\t<\/div>\n\t\t\t\t\n\t\t\t\t\n\t\t\t\t\t\t\t<\/div>\n\t\t\t\t\t\t<\/div>\n\t\t\t\t\t\t<\/div>\n\t\t\t\t<\/div>\n\t\t\t\t<\/div>\n\t\t<div class=\"elementor-element elementor-element-c2deea9 e-con-full e-flex e-con e-child\" data-id=\"c2deea9\" data-element_type=\"container\" data-e-type=\"container\">\n\t\t\t\t<div class=\"elementor-element elementor-element-0ecac96 elementor-cta--layout-image-above elementor-cta--skin-classic elementor-animated-content elementor-bg-transform elementor-bg-transform-zoom-in elementor-widget elementor-widget-call-to-action\" data-id=\"0ecac96\" data-element_type=\"widget\" data-e-type=\"widget\" data-widget_type=\"call-to-action.default\">\n\t\t\t\t<div class=\"elementor-widget-container\">\n\t\t\t\t\t\t\t<div class=\"elementor-cta\">\n\t\t\t\t\t<div class=\"elementor-cta__bg-wrapper\">\n\t\t\t\t<div class=\"elementor-cta__bg elementor-bg\" style=\"background-image: url(https:\/\/rgst-arquitecto.com\/wp-content\/uploads\/2024\/12\/Rehabilitacion-4-viviendas-Calle-Mayor-Madrid--1024x768.jpg);\" role=\"img\" aria-label=\"Rehabilitaci\u00f3n 4 viviendas - Calle Mayor (Madrid)\"><\/div>\n\t\t\t\t<div class=\"elementor-cta__bg-overlay\"><\/div>\n\t\t\t<\/div>\n\t\t\t\t\t\t\t<div class=\"elementor-cta__content\">\n\t\t\t\t\n\t\t\t\t\t\t\t\t\t<div class=\"elementor-cta__title elementor-cta__content-item elementor-content-item\">\n\t\t\t\t\t\tRenovation and refurbishment projects\t\t\t\t\t<\/div>\n\t\t\t\t\n\t\t\t\t\n\t\t\t\t\t\t\t<\/div>\n\t\t\t\t\t\t<\/div>\n\t\t\t\t\t\t<\/div>\n\t\t\t\t<\/div>\n\t\t\t\t<\/div>\n\t\t<div class=\"elementor-element elementor-element-4c56ee7 e-con-full e-flex e-con e-child\" data-id=\"4c56ee7\" data-element_type=\"container\" data-e-type=\"container\">\n\t\t\t\t<div class=\"elementor-element elementor-element-85ec558 elementor-cta--layout-image-above elementor-cta--skin-classic elementor-animated-content elementor-bg-transform elementor-bg-transform-zoom-in elementor-widget elementor-widget-call-to-action\" data-id=\"85ec558\" data-element_type=\"widget\" data-e-type=\"widget\" data-widget_type=\"call-to-action.default\">\n\t\t\t\t<div class=\"elementor-widget-container\">\n\t\t\t\t\t\t\t<div class=\"elementor-cta\">\n\t\t\t\t\t<div class=\"elementor-cta__bg-wrapper\">\n\t\t\t\t<div class=\"elementor-cta__bg elementor-bg\" style=\"background-image: url(https:\/\/rgst-arquitecto.com\/wp-content\/uploads\/2024\/12\/Proyectos-de-actividad-2-1024x768.jpg);\" role=\"img\" aria-label=\"Activity projects\"><\/div>\n\t\t\t\t<div class=\"elementor-cta__bg-overlay\"><\/div>\n\t\t\t<\/div>\n\t\t\t\t\t\t\t<div class=\"elementor-cta__content\">\n\t\t\t\t\n\t\t\t\t\t\t\t\t\t<div class=\"elementor-cta__title elementor-cta__content-item elementor-content-item\">\n\t\t\t\t\t\tActivity projects\t\t\t\t\t<\/div>\n\t\t\t\t\n\t\t\t\t\n\t\t\t\t\t\t\t<\/div>\n\t\t\t\t\t\t<\/div>\n\t\t\t\t\t\t<\/div>\n\t\t\t\t<\/div>\n\t\t\t\t<\/div>\n\t\t<div class=\"elementor-element elementor-element-d64bf23 e-con-full e-flex e-con e-child\" data-id=\"d64bf23\" data-element_type=\"container\" data-e-type=\"container\">\n\t\t\t\t<div class=\"elementor-element elementor-element-ccfd1b3 elementor-cta--layout-image-above elementor-cta--skin-classic elementor-animated-content elementor-bg-transform elementor-bg-transform-zoom-in elementor-widget elementor-widget-call-to-action\" data-id=\"ccfd1b3\" data-element_type=\"widget\" data-e-type=\"widget\" data-widget_type=\"call-to-action.default\">\n\t\t\t\t<div class=\"elementor-widget-container\">\n\t\t\t\t\t\t\t<div class=\"elementor-cta\">\n\t\t\t\t\t<div class=\"elementor-cta__bg-wrapper\">\n\t\t\t\t<div class=\"elementor-cta__bg elementor-bg\" style=\"background-image: url(https:\/\/rgst-arquitecto.com\/wp-content\/uploads\/2024\/12\/TRAMITACIONES-1-1024x682.jpg);\" role=\"img\" aria-label=\"TRAMITACIONES\"><\/div>\n\t\t\t\t<div class=\"elementor-cta__bg-overlay\"><\/div>\n\t\t\t<\/div>\n\t\t\t\t\t\t\t<div class=\"elementor-cta__content\">\n\t\t\t\t\n\t\t\t\t\t\t\t\t\t<div class=\"elementor-cta__title elementor-cta__content-item elementor-content-item\">\n\t\t\t\t\t\tProcedures\t\t\t\t\t<\/div>\n\t\t\t\t\n\t\t\t\t\n\t\t\t\t\t\t\t<\/div>\n\t\t\t\t\t\t<\/div>\n\t\t\t\t\t\t<\/div>\n\t\t\t\t<\/div>\n\t\t\t\t<\/div>\n\t\t\t\t\t<\/div>\n\t\t\t\t<\/div>\n\t\t\t\t<\/div>\n\t\t<div class=\"elementor-element elementor-element-4e17bc2 e-con-full wd-section-stretch e-flex e-con e-parent\" data-id=\"4e17bc2\" data-element_type=\"container\" data-e-type=\"container\">\n\t\t<div class=\"wd-negative-gap elementor-element elementor-element-2e152f4 e-flex e-con-boxed e-con e-child\" data-id=\"2e152f4\" data-element_type=\"container\" data-e-type=\"container\">\n\t\t\t\t\t<div class=\"e-con-inner\">\n\t\t<div class=\"elementor-element elementor-element-4269d44 e-con-full e-flex e-con e-child\" data-id=\"4269d44\" data-element_type=\"container\" data-e-type=\"container\">\n\t\t\t\t<div class=\"elementor-element elementor-element-e389591 elementor-cta--layout-image-above elementor-cta--skin-classic elementor-animated-content elementor-bg-transform elementor-bg-transform-zoom-in elementor-widget elementor-widget-call-to-action\" data-id=\"e389591\" data-element_type=\"widget\" data-e-type=\"widget\" data-widget_type=\"call-to-action.default\">\n\t\t\t\t<div class=\"elementor-widget-container\">\n\t\t\t\t\t\t\t<div class=\"elementor-cta\">\n\t\t\t\t\t<div class=\"elementor-cta__bg-wrapper\">\n\t\t\t\t<div class=\"elementor-cta__bg elementor-bg\" style=\"background-image: url(https:\/\/rgst-arquitecto.com\/wp-content\/uploads\/2024\/12\/PERITACIONES-1024x768.jpg);\" role=\"img\" aria-label=\"PERITACIONES\"><\/div>\n\t\t\t\t<div class=\"elementor-cta__bg-overlay\"><\/div>\n\t\t\t<\/div>\n\t\t\t\t\t\t\t<div class=\"elementor-cta__content\">\n\t\t\t\t\n\t\t\t\t\t\t\t\t\t<div class=\"elementor-cta__title elementor-cta__content-item elementor-content-item\">\n\t\t\t\t\t\tExpertise\t\t\t\t\t<\/div>\n\t\t\t\t\n\t\t\t\t\n\t\t\t\t\t\t\t<\/div>\n\t\t\t\t\t\t<\/div>\n\t\t\t\t\t\t<\/div>\n\t\t\t\t<\/div>\n\t\t\t\t<\/div>\n\t\t<div class=\"elementor-element elementor-element-00e2f14 e-con-full e-flex e-con e-child\" data-id=\"00e2f14\" data-element_type=\"container\" data-e-type=\"container\">\n\t\t\t\t<div class=\"elementor-element elementor-element-743ac52 elementor-cta--layout-image-above elementor-cta--skin-classic elementor-animated-content elementor-bg-transform elementor-bg-transform-zoom-in elementor-widget elementor-widget-call-to-action\" data-id=\"743ac52\" data-element_type=\"widget\" data-e-type=\"widget\" data-widget_type=\"call-to-action.default\">\n\t\t\t\t<div class=\"elementor-widget-container\">\n\t\t\t\t\t\t\t<div class=\"elementor-cta\">\n\t\t\t\t\t<div class=\"elementor-cta__bg-wrapper\">\n\t\t\t\t<div class=\"elementor-cta__bg elementor-bg\" style=\"background-image: url(https:\/\/rgst-arquitecto.com\/wp-content\/uploads\/2024\/12\/GESTION-INTEGRAL-1024x768.jpg);\" role=\"img\" aria-label=\"GESTI\u00d3N INTEGRAL\"><\/div>\n\t\t\t\t<div class=\"elementor-cta__bg-overlay\"><\/div>\n\t\t\t<\/div>\n\t\t\t\t\t\t\t<div class=\"elementor-cta__content\">\n\t\t\t\t\n\t\t\t\t\t\t\t\t\t<div class=\"elementor-cta__title elementor-cta__content-item elementor-content-item\">\n\t\t\t\t\t\tComprehensive management\t\t\t\t\t<\/div>\n\t\t\t\t\n\t\t\t\t\n\t\t\t\t\t\t\t<\/div>\n\t\t\t\t\t\t<\/div>\n\t\t\t\t\t\t<\/div>\n\t\t\t\t<\/div>\n\t\t\t\t<\/div>\n\t\t<div class=\"elementor-element elementor-element-968821c e-con-full e-flex e-con e-child\" data-id=\"968821c\" data-element_type=\"container\" data-e-type=\"container\">\n\t\t\t\t<div class=\"elementor-element elementor-element-6712070 elementor-cta--layout-image-above elementor-cta--skin-classic elementor-animated-content elementor-bg-transform elementor-bg-transform-zoom-in elementor-widget elementor-widget-call-to-action\" data-id=\"6712070\" data-element_type=\"widget\" data-e-type=\"widget\" data-widget_type=\"call-to-action.default\">\n\t\t\t\t<div class=\"elementor-widget-container\">\n\t\t\t\t\t\t\t<div class=\"elementor-cta\">\n\t\t\t\t\t<div class=\"elementor-cta__bg-wrapper\">\n\t\t\t\t<div class=\"elementor-cta__bg elementor-bg\" style=\"background-image: url(https:\/\/rgst-arquitecto.com\/wp-content\/uploads\/2024\/12\/PROJECT-MANAGEMENT-1024x768.jpg);\" role=\"img\" aria-label=\"PROJECT MANAGEMENT\"><\/div>\n\t\t\t\t<div class=\"elementor-cta__bg-overlay\"><\/div>\n\t\t\t<\/div>\n\t\t\t\t\t\t\t<div class=\"elementor-cta__content\">\n\t\t\t\t\n\t\t\t\t\t\t\t\t\t<div class=\"elementor-cta__title elementor-cta__content-item elementor-content-item\">\n\t\t\t\t\t\tProject management\t\t\t\t\t<\/div>\n\t\t\t\t\n\t\t\t\t\n\t\t\t\t\t\t\t<\/div>\n\t\t\t\t\t\t<\/div>\n\t\t\t\t\t\t<\/div>\n\t\t\t\t<\/div>\n\t\t\t\t<\/div>\n\t\t<div class=\"elementor-element elementor-element-4fa7e57 e-con-full e-flex e-con e-child\" data-id=\"4fa7e57\" data-element_type=\"container\" data-e-type=\"container\">\n\t\t\t\t<div class=\"elementor-element elementor-element-581dace elementor-cta--layout-image-above elementor-cta--skin-classic elementor-animated-content elementor-bg-transform elementor-bg-transform-zoom-in elementor-widget elementor-widget-call-to-action\" data-id=\"581dace\" data-element_type=\"widget\" data-e-type=\"widget\" data-widget_type=\"call-to-action.default\">\n\t\t\t\t<div class=\"elementor-widget-container\">\n\t\t\t\t\t\t\t<div class=\"elementor-cta\">\n\t\t\t\t\t<div class=\"elementor-cta__bg-wrapper\">\n\t\t\t\t<div class=\"elementor-cta__bg elementor-bg\" style=\"background-image: url(https:\/\/rgst-arquitecto.com\/wp-content\/uploads\/2024\/12\/COLABORACIONES-1024x768.jpg);\" role=\"img\" aria-label=\"COLLABORATIONS\"><\/div>\n\t\t\t\t<div class=\"elementor-cta__bg-overlay\"><\/div>\n\t\t\t<\/div>\n\t\t\t\t\t\t\t<div class=\"elementor-cta__content\">\n\t\t\t\t\n\t\t\t\t\t\t\t\t\t<div class=\"elementor-cta__title elementor-cta__content-item elementor-content-item\">\n\t\t\t\t\t\tMultidisciplinary collaboration\t\t\t\t\t<\/div>\n\t\t\t\t\n\t\t\t\t\n\t\t\t\t\t\t\t<\/div>\n\t\t\t\t\t\t<\/div>\n\t\t\t\t\t\t<\/div>\n\t\t\t\t<\/div>\n\t\t\t\t<\/div>\n\t\t\t\t\t<\/div>\n\t\t\t\t<\/div>\n\t\t\t\t<\/div>\n\t\t<div class=\"elementor-element elementor-element-4051067 e-con-full wd-section-stretch e-flex e-con e-parent\" data-id=\"4051067\" data-element_type=\"container\" data-e-type=\"container\" data-settings=\"{&quot;background_background&quot;:&quot;gradient&quot;}\">\n\t\t\t\t<div class=\"elementor-element elementor-element-8d8296e elementor-invisible elementor-widget elementor-widget-heading\" data-id=\"8d8296e\" data-element_type=\"widget\" data-e-type=\"widget\" data-settings=\"{&quot;_animation&quot;:&quot;fadeInUp&quot;}\" data-widget_type=\"heading.default\">\n\t\t\t\t<div class=\"elementor-widget-container\">\n\t\t\t\t\t<div class=\"elementor-heading-title elementor-size-default\">Need more information?<\/div>\t\t\t\t<\/div>\n\t\t\t\t<\/div>\n\t\t\t\t<div class=\"elementor-element elementor-element-cfa274d color-scheme-inherit text-left elementor-widget elementor-widget-text-editor\" data-id=\"cfa274d\" data-element_type=\"widget\" data-e-type=\"widget\" data-widget_type=\"text-editor.default\">\n\t\t\t\t<div class=\"elementor-widget-container\">\n\t\t\t\t\t\t\t\t\t<p>Fill out the contact form and I will contact you as soon as possible.<\/p>\t\t\t\t\t\t\t\t<\/div>\n\t\t\t\t<\/div>\n\t\t\t\t<div class=\"elementor-element elementor-element-3adf3e1 elementor-align-center elementor-widget elementor-widget-button\" data-id=\"3adf3e1\" data-element_type=\"widget\" data-e-type=\"widget\" data-widget_type=\"button.default\">\n\t\t\t\t<div class=\"elementor-widget-container\">\n\t\t\t\t\t\t\t\t\t<div class=\"elementor-button-wrapper\">\n\t\t\t\t\t<a class=\"elementor-button elementor-button-link elementor-size-sm\" href=\"\/en\/contacto\/\">\n\t\t\t\t\t\t<span class=\"elementor-button-content-wrapper\">\n\t\t\t\t\t\t\t\t\t<span class=\"elementor-button-text\">CONTACT FORM<\/span>\n\t\t\t\t\t<\/span>\n\t\t\t\t\t<\/a>\n\t\t\t\t<\/div>\n\t\t\t\t\t\t\t\t<\/div>\n\t\t\t\t<\/div>\n\t\t\t\t<\/div>\n\t\t\t\t<\/div>","protected":false},"excerpt":{"rendered":"<p>SERVICIOS SERVICIOS Proyectos de edificaci\u00f3n Proyectos de reforma y acondicionamiento Proyectos de actividad Tramitaciones Peritaciones Gesti\u00f3n integral Project management Colaboraci\u00f3n<\/p>","protected":false},"author":1,"featured_media":1454,"parent":0,"menu_order":0,"comment_status":"closed","ping_status":"closed","template":"","meta":{"_acf_changed":false,"footnotes":""},"class_list":["post-1065","page","type-page","status-publish","has-post-thumbnail","hentry"],"acf":[],"yoast_head":"<!-- This site is optimized with the Yoast SEO plugin v27.4 - https:\/\/yoast.com\/product\/yoast-seo-wordpress\/ -->\n<title>Servicios de Arquitectura en Torrej\u00f3n de Ardoz<\/title>\n<meta name=\"description\" content=\"Rub\u00e9n Garc\u00eda Santa Teresa, licenciado por la Escuela T\u00e9cnica Superior de Arquitectura de Madrid, ofrece servicios de Arquitectura.\" \/>\n<meta name=\"robots\" content=\"index, follow, max-snippet:-1, max-image-preview:large, max-video-preview:-1\" \/>\n<link rel=\"canonical\" href=\"https:\/\/rgst-arquitecto.com\/en\/servicios\/\" \/>\n<meta property=\"og:locale\" content=\"en_GB\" \/>\n<meta property=\"og:type\" content=\"article\" \/>\n<meta property=\"og:title\" content=\"Servicios de Arquitectura en Torrej\u00f3n de Ardoz\" \/>\n<meta property=\"og:description\" content=\"Rub\u00e9n Garc\u00eda Santa Teresa, licenciado por la Escuela T\u00e9cnica Superior de Arquitectura de Madrid, ofrece servicios de Arquitectura.\" \/>\n<meta property=\"og:url\" content=\"https:\/\/rgst-arquitecto.com\/en\/servicios\/\" \/>\n<meta property=\"og:site_name\" content=\"RGST-ARQUITECTO\" \/>\n<meta property=\"article:modified_time\" content=\"2026-02-02T08:39:09+00:00\" \/>\n<meta property=\"og:image\" content=\"https:\/\/rgst-arquitecto.com\/wp-content\/uploads\/2025\/01\/SERVICIOS-DE-ARQUITECTURA.jpg\" \/>\n\t<meta property=\"og:image:width\" content=\"2560\" \/>\n\t<meta property=\"og:image:height\" content=\"1438\" \/>\n\t<meta property=\"og:image:type\" content=\"image\/jpeg\" \/>\n<meta name=\"twitter:card\" content=\"summary_large_image\" \/>\n<meta name=\"twitter:label1\" content=\"Estimated reading time\" \/>\n\t<meta name=\"twitter:data1\" content=\"1 minute\" \/>\n<script type=\"application\/ld+json\" class=\"yoast-schema-graph\">{\"@context\":\"https:\\\/\\\/schema.org\",\"@graph\":[{\"@type\":\"WebPage\",\"@id\":\"https:\\\/\\\/rgst-arquitecto.com\\\/servicios\",\"url\":\"https:\\\/\\\/rgst-arquitecto.com\\\/servicios\",\"name\":\"Servicios de Arquitectura en Torrej\u00f3n de Ardoz\",\"isPartOf\":{\"@id\":\"https:\\\/\\\/rgst-arquitecto.com\\\/#website\"},\"primaryImageOfPage\":{\"@id\":\"https:\\\/\\\/rgst-arquitecto.com\\\/servicios#primaryimage\"},\"image\":{\"@id\":\"https:\\\/\\\/rgst-arquitecto.com\\\/servicios#primaryimage\"},\"thumbnailUrl\":\"https:\\\/\\\/rgst-arquitecto.com\\\/wp-content\\\/uploads\\\/2025\\\/01\\\/SERVICIOS-DE-ARQUITECTURA.jpg\",\"datePublished\":\"2024-12-30T09:41:42+00:00\",\"dateModified\":\"2026-02-02T08:39:09+00:00\",\"description\":\"Rub\u00e9n Garc\u00eda Santa Teresa, licenciado por la Escuela T\u00e9cnica Superior de Arquitectura de Madrid, ofrece servicios de Arquitectura.\",\"breadcrumb\":{\"@id\":\"https:\\\/\\\/rgst-arquitecto.com\\\/servicios#breadcrumb\"},\"inLanguage\":\"en-GB\",\"potentialAction\":[{\"@type\":\"ReadAction\",\"target\":[\"https:\\\/\\\/rgst-arquitecto.com\\\/servicios\"]}]},{\"@type\":\"ImageObject\",\"inLanguage\":\"en-GB\",\"@id\":\"https:\\\/\\\/rgst-arquitecto.com\\\/servicios#primaryimage\",\"url\":\"https:\\\/\\\/rgst-arquitecto.com\\\/wp-content\\\/uploads\\\/2025\\\/01\\\/SERVICIOS-DE-ARQUITECTURA.jpg\",\"contentUrl\":\"https:\\\/\\\/rgst-arquitecto.com\\\/wp-content\\\/uploads\\\/2025\\\/01\\\/SERVICIOS-DE-ARQUITECTURA.jpg\",\"width\":2560,\"height\":1438,\"caption\":\"SERVICIOS DE ARQUITECTURA\"},{\"@type\":\"BreadcrumbList\",\"@id\":\"https:\\\/\\\/rgst-arquitecto.com\\\/servicios#breadcrumb\",\"itemListElement\":[{\"@type\":\"ListItem\",\"position\":1,\"name\":\"Portada\",\"item\":\"https:\\\/\\\/rgst-arquitecto.com\\\/\"},{\"@type\":\"ListItem\",\"position\":2,\"name\":\"SERVICIOS\"}]},{\"@type\":\"WebSite\",\"@id\":\"https:\\\/\\\/rgst-arquitecto.com\\\/#website\",\"url\":\"https:\\\/\\\/rgst-arquitecto.com\\\/\",\"name\":\"RGST-ARQUITECTO\",\"description\":\"\",\"potentialAction\":[{\"@type\":\"SearchAction\",\"target\":{\"@type\":\"EntryPoint\",\"urlTemplate\":\"https:\\\/\\\/rgst-arquitecto.com\\\/?s={search_term_string}\"},\"query-input\":{\"@type\":\"PropertyValueSpecification\",\"valueRequired\":true,\"valueName\":\"search_term_string\"}}],\"inLanguage\":\"en-GB\"}]}<\/script>\n<!-- \/ Yoast SEO plugin. -->","yoast_head_json":{"title":"Servicios de Arquitectura en Torrej\u00f3n de Ardoz","description":"Rub\u00e9n Garc\u00eda Santa Teresa, licenciado por la Escuela T\u00e9cnica Superior de Arquitectura de Madrid, ofrece servicios de Arquitectura.","robots":{"index":"index","follow":"follow","max-snippet":"max-snippet:-1","max-image-preview":"max-image-preview:large","max-video-preview":"max-video-preview:-1"},"canonical":"https:\/\/rgst-arquitecto.com\/en\/servicios\/","og_locale":"en_GB","og_type":"article","og_title":"Servicios de Arquitectura en Torrej\u00f3n de Ardoz","og_description":"Rub\u00e9n Garc\u00eda Santa Teresa, licenciado por la Escuela T\u00e9cnica Superior de Arquitectura de Madrid, ofrece servicios de Arquitectura.","og_url":"https:\/\/rgst-arquitecto.com\/en\/servicios\/","og_site_name":"RGST-ARQUITECTO","article_modified_time":"2026-02-02T08:39:09+00:00","og_image":[{"width":2560,"height":1438,"url":"https:\/\/rgst-arquitecto.com\/wp-content\/uploads\/2025\/01\/SERVICIOS-DE-ARQUITECTURA.jpg","type":"image\/jpeg"}],"twitter_card":"summary_large_image","twitter_misc":{"Estimated reading time":"1 minute"},"schema":{"@context":"https:\/\/schema.org","@graph":[{"@type":"WebPage","@id":"https:\/\/rgst-arquitecto.com\/servicios","url":"https:\/\/rgst-arquitecto.com\/servicios","name":"Servicios de Arquitectura en Torrej\u00f3n de Ardoz","isPartOf":{"@id":"https:\/\/rgst-arquitecto.com\/#website"},"primaryImageOfPage":{"@id":"https:\/\/rgst-arquitecto.com\/servicios#primaryimage"},"image":{"@id":"https:\/\/rgst-arquitecto.com\/servicios#primaryimage"},"thumbnailUrl":"https:\/\/rgst-arquitecto.com\/wp-content\/uploads\/2025\/01\/SERVICIOS-DE-ARQUITECTURA.jpg","datePublished":"2024-12-30T09:41:42+00:00","dateModified":"2026-02-02T08:39:09+00:00","description":"Rub\u00e9n Garc\u00eda Santa Teresa, licenciado por la Escuela T\u00e9cnica Superior de Arquitectura de Madrid, ofrece servicios de Arquitectura.","breadcrumb":{"@id":"https:\/\/rgst-arquitecto.com\/servicios#breadcrumb"},"inLanguage":"en-GB","potentialAction":[{"@type":"ReadAction","target":["https:\/\/rgst-arquitecto.com\/servicios"]}]},{"@type":"ImageObject","inLanguage":"en-GB","@id":"https:\/\/rgst-arquitecto.com\/servicios#primaryimage","url":"https:\/\/rgst-arquitecto.com\/wp-content\/uploads\/2025\/01\/SERVICIOS-DE-ARQUITECTURA.jpg","contentUrl":"https:\/\/rgst-arquitecto.com\/wp-content\/uploads\/2025\/01\/SERVICIOS-DE-ARQUITECTURA.jpg","width":2560,"height":1438,"caption":"SERVICIOS DE ARQUITECTURA"},{"@type":"BreadcrumbList","@id":"https:\/\/rgst-arquitecto.com\/servicios#breadcrumb","itemListElement":[{"@type":"ListItem","position":1,"name":"Portada","item":"https:\/\/rgst-arquitecto.com\/"},{"@type":"ListItem","position":2,"name":"SERVICIOS"}]},{"@type":"WebSite","@id":"https:\/\/rgst-arquitecto.com\/#website","url":"https:\/\/rgst-arquitecto.com\/","name":"RGST-ARCHITECT","description":"","potentialAction":[{"@type":"SearchAction","target":{"@type":"EntryPoint","urlTemplate":"https:\/\/rgst-arquitecto.com\/?s={search_term_string}"},"query-input":{"@type":"PropertyValueSpecification","valueRequired":true,"valueName":"search_term_string"}}],"inLanguage":"en-GB"}]}},"_links":{"self":[{"href":"https:\/\/rgst-arquitecto.com\/en\/wp-json\/wp\/v2\/pages\/1065","targetHints":{"allow":["GET"]}}],"collection":[{"href":"https:\/\/rgst-arquitecto.com\/en\/wp-json\/wp\/v2\/pages"}],"about":[{"href":"https:\/\/rgst-arquitecto.com\/en\/wp-json\/wp\/v2\/types\/page"}],"author":[{"embeddable":true,"href":"https:\/\/rgst-arquitecto.com\/en\/wp-json\/wp\/v2\/users\/1"}],"replies":[{"embeddable":true,"href":"https:\/\/rgst-arquitecto.com\/en\/wp-json\/wp\/v2\/comments?post=1065"}],"version-history":[{"count":31,"href":"https:\/\/rgst-arquitecto.com\/en\/wp-json\/wp\/v2\/pages\/1065\/revisions"}],"predecessor-version":[{"id":1645,"href":"https:\/\/rgst-arquitecto.com\/en\/wp-json\/wp\/v2\/pages\/1065\/revisions\/1645"}],"wp:featuredmedia":[{"embeddable":true,"href":"https:\/\/rgst-arquitecto.com\/en\/wp-json\/wp\/v2\/media\/1454"}],"wp:attachment":[{"href":"https:\/\/rgst-arquitecto.com\/en\/wp-json\/wp\/v2\/media?parent=1065"}],"curies":[{"name":"wp","href":"https:\/\/api.w.org\/{rel}","templated":true}]}}